{"id":2,"date":"2023-04-26T13:30:58","date_gmt":"2023-04-26T11:30:58","guid":{"rendered":"https:\/\/www.radonsug.nu\/?page_id=2"},"modified":"2025-02-26T11:18:09","modified_gmt":"2025-02-26T10:18:09","slug":"radonsug","status":"publish","type":"page","link":"https:\/\/www.radonsug.nu\/","title":{"rendered":"Radonsug"},"content":{"rendered":"\n<p>Vid f\u00f6rekomst av markradon \u00e4r en radonsug vanligtvis en helt \u00f6verl\u00e4gsen och kostnadseffektiv metod j\u00e4mf\u00f6rt med att exempelvis f\u00f6rb\u00e4ttra ventilationen. <\/p>\n\n\n\n<p>En radonsug fungerar genom att skapa ett undertryck i marken f\u00f6r att aktivt motverka intr\u00e4ngningen av radonhaltig luft fr\u00e5n marken. Genom att kontinuerligt s\u00e4nka lufttrycket f\u00f6rhindrar en radonsug effektivt att radon tr\u00e4nger in. F\u00f6r att effektivt hindra markradon fr\u00e5n att komma in m\u00e5ste en radonsug vara i drift hela tiden, dygnet runt och \u00e5ret runt.<\/p>\n\n\n\n<p>Att installera en radonsug \u00e4r den mest vanliga metoden f\u00f6r att reducera radonhalten inomhus vid problem med radon fr\u00e5n marken.<\/p>\n\n\n\n<h2 class=\"wp-block-heading\">Radonsanering<\/h2>\n\n\n\n<p>Vid behov av \u00e5tg\u00e4rder f\u00f6r att s\u00e4nka en f\u00f6rh\u00f6jd radonhalt, inleds vanligtvis processen med en radonbesiktning f\u00f6r att unders\u00f6ka k\u00e4llan till radonproblemet och v\u00e4lja l\u00e4mpliga sanerings\u00e5tg\u00e4rder. <\/p>\n\n\n\n<p>En radonbesiktning utf\u00f6rs av professionella besiktningsm\u00e4n som hj\u00e4lper dig att f\u00e5 en tydlig bild av hur radonet tr\u00e4nger in och kan \u00e5tg\u00e4rdas. Husets konstruktion granskas noggrant och en genomg\u00e5ng av hela byggnaden eller huset genomf\u00f6rs. Ventilationssystemet kontrolleras, eventuella l\u00e4ckor uppt\u00e4cks och gammastr\u00e5lning m\u00e4ts fr\u00e5n byggnaden. Efter genomg\u00e5ngen erh\u00e5ller du information om vilka \u00e5tg\u00e4rder som beh\u00f6vs f\u00f6r att l\u00f6sa problemen. Beroende p\u00e5 var radonet kommer ifr\u00e5n, finns det olika metoder f\u00f6r radonsanering.<\/p>\n\n\n\n<p>Vid radon i byggmaterial kr\u00e4vs \u00f6kad luftoms\u00e4ttning genom installation eller f\u00f6rb\u00e4ttring av ventilationssystemet. Vid radon i hush\u00e5llsvattnet m\u00e5ste vattnet luftas innan det tas in i huset. Vid radon fr\u00e5n marken kan sanering utf\u00f6ras genom installation av radonsug, radonbrunnar eller genom t\u00e4tningar.<\/p>\n\n\n\n<p>Genom en grundlig radonbesiktning och val av r\u00e4tt sanerings\u00e5tg\u00e4rder kan radonproblemet effektivt hanteras och radonhalten s\u00e4nkas till en s\u00e4ker niv\u00e5. Det \u00e4r viktigt att anlita erfarna yrkespersoner f\u00f6r att s\u00e4kerst\u00e4lla en framg\u00e5ngsrik radonsanering och f\u00f6r att skydda h\u00e4lsan f\u00f6r alla som vistas i byggnaden.<\/p>\n\n\n\n<p>Priset f\u00f6r radonsanering varierar beroende p\u00e5 husets egenskaper och omfattningen av \u00e5tg\u00e4rderna som kr\u00e4vs. Vissa \u00e5tg\u00e4rder kan vara mer kostsamma \u00e4n andra.<\/p>\n\n\n\n<h2 class=\"wp-block-heading\">Radonm\u00e4tning<\/h2>\n\n\n\n<p>Det uppskattas att det f\u00f6r n\u00e4rvarande finns ungef\u00e4r 400 000 bost\u00e4der i Sverige d\u00e4r radonhalten i inomhusluften \u00e4r f\u00f6rh\u00f6jd. Att vara utsatt f\u00f6r h\u00f6ga niv\u00e5er av <a href=\"https:\/\/www.radonsug.nu\/?p=75\">radon<\/a> under en l\u00e4ngre tid \u00f6kar risken f\u00f6r lungcancer. Varje \u00e5r drabbas omkring 500 personer i Sverige av lungcancer till f\u00f6ljd av radon. Radon kan tr\u00e4nga in i v\u00e5ra hem fr\u00e5n marken, byggmaterial eller det vatten vi anv\u00e4nder. F\u00f6r att uppt\u00e4cka radon finns det endast en p\u00e5litlig metod &#8211; <a href=\"https:\/\/radonm\u00e4tning.se\" target=\"_blank\" rel=\"noreferrer noopener\">radonm\u00e4tning<\/a>!<\/p>\n\n\n\n<h2 class=\"wp-block-heading\">Sammanfattning<\/h2>\n\n\n\n<p><strong>Radonsug:<\/strong><\/p>\n\n\n\n<ul class=\"wp-block-list\">\n<li>En effektiv och kostnadseffektiv metod f\u00f6r att reducera radon fr\u00e5n marken.<\/li>\n\n\n\n<li>Fungerar genom att skapa ett undertryck i marken och f\u00f6rhindra att radon tr\u00e4nger in.&nbsp;<\/li>\n\n\n\n<li>M\u00e5ste vara i drift dygnet runt och \u00e5ret runt.<\/li>\n<\/ul>\n\n\n\n<p><strong>Radonbesiktning:<\/strong><\/p>\n\n\n\n<ul class=\"wp-block-list\">\n<li>Utf\u00f6rs av professionella besiktningsm\u00e4n.<\/li>\n\n\n\n<li>Unders\u00f6ker k\u00e4llan till radonproblemet och ger f\u00f6rslag p\u00e5 \u00e5tg\u00e4rder.<\/li>\n\n\n\n<li>Inkluderar granskning av husets konstruktion, ventilation, l\u00e4ckage och gammastr\u00e5lning.<\/li>\n<\/ul>\n\n\n\n<p><strong>Radonsanering:<\/strong><\/p>\n\n\n\n<ul class=\"wp-block-list\">\n<li>Olika metoder beroende p\u00e5 k\u00e4llan till radonet.<\/li>\n\n\n\n<li>Vid radon i byggmaterial: \u00f6kad luftoms\u00e4ttning via ventilation.<\/li>\n\n\n\n<li>Vid radon i vatten: luftning av vattnet.<\/li>\n\n\n\n<li>Vid radon fr\u00e5n marken: radonsug, radonbrunn eller t\u00e4tningar.<\/li>\n<\/ul>\n\n\n\n<p><strong>Kostnad:<\/strong><\/p>\n\n\n\n<ul class=\"wp-block-list\">\n<li>Varierar beroende p\u00e5 husets egenskaper och \u00e5tg\u00e4rdernas omfattning.<\/li>\n<\/ul>\n\n\n\n<p><strong>Radonm\u00e4tning:<\/strong><\/p>\n\n\n\n<ul class=\"wp-block-list\">\n<li>Den enda p\u00e5litliga metoden f\u00f6r att uppt\u00e4cka radon.<\/li>\n\n\n\n<li>Viktigt f\u00f6r att skydda h\u00e4lsan.<\/li>\n\n\n\n<li>Omkring 400 000 bost\u00e4der i Sverige har f\u00f6rh\u00f6jda radonhalter.<\/li>\n\n\n\n<li>H\u00f6ga radonhalter kan orsaka lungcancer.<\/li>\n<\/ul>\n\n\n\n<p>Radonsug \u00e4r en effektiv metod f\u00f6r att bek\u00e4mpa radon fr\u00e5n marken. En radonbesiktning identifierar k\u00e4llan till problemet och ger dig en plan f\u00f6r \u00e5tg\u00e4rder. Anlita erfarna yrkespersoner f\u00f6r en framg\u00e5ngsrik radonsanering. Radonm\u00e4tning \u00e4r avg\u00f6rande f\u00f6r att uppt\u00e4cka radon och s\u00e4kerst\u00e4lla en trygg boendemilj\u00f6.<\/p>\n","protected":false},"excerpt":{"rendered":"<p>Vid f\u00f6rekomst av markradon \u00e4r en radonsug vanligtvis en helt \u00f6verl\u00e4gsen och kostnadseffektiv metod j\u00e4mf\u00f6rt med att exempelvis f\u00f6rb\u00e4ttra ventilationen. En radonsug fungerar genom att skapa ett undertryck i marken f\u00f6r att aktivt motverka intr\u00e4ngningen<span class=\"more-button\"><a href=\"https:\/\/www.radonsug.nu\/\" class=\"more-link\">Forts\u00e4tt l\u00e4sa<span class=\"screen-reader-text\">Radonsug<\/span><i class=\"fa fa-angle-right\" aria-hidden=\"true\"><\/i><\/a><\/span><\/p>\n","protected":false},"author":1,"featured_media":0,"parent":0,"menu_order":0,"comment_status":"closed","ping_status":"closed","template":"","meta":{"footnotes":""},"class_list":["post-2","page","type-page","status-publish","hentry"],"yoast_head":"<!-- This site is optimized with the Yoast SEO plugin v27.3 - https:\/\/yoast.com\/product\/yoast-seo-wordpress\/ -->\n<title>Radonsug - Radonsug<\/title>\n<meta name=\"description\" content=\"N\u00e4r det g\u00e4ller problem med radon fr\u00e5n marken \u00e4r installation av en radonsug den mest anv\u00e4nda metoden f\u00f6r att reducera radonhalten inomhus.\" \/>\n<meta name=\"robots\" content=\"index, follow, max-snippet:-1, max-image-preview:large, max-video-preview:-1\" \/>\n<link rel=\"canonical\" href=\"https:\/\/www.radonsug.nu\/\" \/>\n<meta property=\"og:locale\" content=\"sv_SE\" \/>\n<meta property=\"og:type\" content=\"article\" \/>\n<meta property=\"og:title\" content=\"Radonsug - Radonsug\" \/>\n<meta property=\"og:description\" content=\"N\u00e4r det g\u00e4ller problem med radon fr\u00e5n marken \u00e4r installation av en radonsug den mest anv\u00e4nda metoden f\u00f6r att reducera radonhalten inomhus.\" \/>\n<meta property=\"og:url\" content=\"https:\/\/www.radonsug.nu\/\" \/>\n<meta property=\"og:site_name\" content=\"Radonsug\" \/>\n<meta property=\"article:modified_time\" content=\"2025-02-26T10:18:09+00:00\" \/>\n<meta name=\"twitter:card\" content=\"summary_large_image\" \/>\n<meta name=\"twitter:label1\" content=\"Ber\u00e4knad l\u00e4stid\" \/>\n\t<meta name=\"twitter:data1\" content=\"3 minuter\" \/>\n<script type=\"application\/ld+json\" class=\"yoast-schema-graph\">{\"@context\":\"https:\\\/\\\/schema.org\",\"@graph\":[{\"@type\":\"WebPage\",\"@id\":\"https:\\\/\\\/www.radonsug.nu\\\/\",\"url\":\"https:\\\/\\\/www.radonsug.nu\\\/\",\"name\":\"Radonsug - Radonsug\",\"isPartOf\":{\"@id\":\"https:\\\/\\\/www.radonsug.nu\\\/#website\"},\"datePublished\":\"2023-04-26T11:30:58+00:00\",\"dateModified\":\"2025-02-26T10:18:09+00:00\",\"description\":\"N\u00e4r det g\u00e4ller problem med radon fr\u00e5n marken \u00e4r installation av en radonsug den mest anv\u00e4nda metoden f\u00f6r att reducera radonhalten inomhus.\",\"breadcrumb\":{\"@id\":\"https:\\\/\\\/www.radonsug.nu\\\/#breadcrumb\"},\"inLanguage\":\"sv-SE\",\"potentialAction\":[{\"@type\":\"ReadAction\",\"target\":[\"https:\\\/\\\/www.radonsug.nu\\\/\"]}]},{\"@type\":\"BreadcrumbList\",\"@id\":\"https:\\\/\\\/www.radonsug.nu\\\/#breadcrumb\",\"itemListElement\":[{\"@type\":\"ListItem\",\"position\":1,\"name\":\"Hem\",\"item\":\"https:\\\/\\\/www.radonsug.nu\\\/\"},{\"@type\":\"ListItem\",\"position\":2,\"name\":\"Radonsug\"}]},{\"@type\":\"WebSite\",\"@id\":\"https:\\\/\\\/www.radonsug.nu\\\/#website\",\"url\":\"https:\\\/\\\/www.radonsug.nu\\\/\",\"name\":\"Radonsug\",\"description\":\"Ta kontroll \u00f6ver radonproblemet med en radonsug\",\"potentialAction\":[{\"@type\":\"SearchAction\",\"target\":{\"@type\":\"EntryPoint\",\"urlTemplate\":\"https:\\\/\\\/www.radonsug.nu\\\/?s={search_term_string}\"},\"query-input\":{\"@type\":\"PropertyValueSpecification\",\"valueRequired\":true,\"valueName\":\"search_term_string\"}}],\"inLanguage\":\"sv-SE\"}]}<\/script>\n<!-- \/ Yoast SEO plugin. -->","yoast_head_json":{"title":"Radonsug - Radonsug","description":"N\u00e4r det g\u00e4ller problem med radon fr\u00e5n marken \u00e4r installation av en radonsug den mest anv\u00e4nda metoden f\u00f6r att reducera radonhalten inomhus.","robots":{"index":"index","follow":"follow","max-snippet":"max-snippet:-1","max-image-preview":"max-image-preview:large","max-video-preview":"max-video-preview:-1"},"canonical":"https:\/\/www.radonsug.nu\/","og_locale":"sv_SE","og_type":"article","og_title":"Radonsug - Radonsug","og_description":"N\u00e4r det g\u00e4ller problem med radon fr\u00e5n marken \u00e4r installation av en radonsug den mest anv\u00e4nda metoden f\u00f6r att reducera radonhalten inomhus.","og_url":"https:\/\/www.radonsug.nu\/","og_site_name":"Radonsug","article_modified_time":"2025-02-26T10:18:09+00:00","twitter_card":"summary_large_image","twitter_misc":{"Ber\u00e4knad l\u00e4stid":"3 minuter"},"schema":{"@context":"https:\/\/schema.org","@graph":[{"@type":"WebPage","@id":"https:\/\/www.radonsug.nu\/","url":"https:\/\/www.radonsug.nu\/","name":"Radonsug - Radonsug","isPartOf":{"@id":"https:\/\/www.radonsug.nu\/#website"},"datePublished":"2023-04-26T11:30:58+00:00","dateModified":"2025-02-26T10:18:09+00:00","description":"N\u00e4r det g\u00e4ller problem med radon fr\u00e5n marken \u00e4r installation av en radonsug den mest anv\u00e4nda metoden f\u00f6r att reducera radonhalten inomhus.","breadcrumb":{"@id":"https:\/\/www.radonsug.nu\/#breadcrumb"},"inLanguage":"sv-SE","potentialAction":[{"@type":"ReadAction","target":["https:\/\/www.radonsug.nu\/"]}]},{"@type":"BreadcrumbList","@id":"https:\/\/www.radonsug.nu\/#breadcrumb","itemListElement":[{"@type":"ListItem","position":1,"name":"Hem","item":"https:\/\/www.radonsug.nu\/"},{"@type":"ListItem","position":2,"name":"Radonsug"}]},{"@type":"WebSite","@id":"https:\/\/www.radonsug.nu\/#website","url":"https:\/\/www.radonsug.nu\/","name":"Radonsug","description":"Ta kontroll \u00f6ver radonproblemet med en radonsug","potentialAction":[{"@type":"SearchAction","target":{"@type":"EntryPoint","urlTemplate":"https:\/\/www.radonsug.nu\/?s={search_term_string}"},"query-input":{"@type":"PropertyValueSpecification","valueRequired":true,"valueName":"search_term_string"}}],"inLanguage":"sv-SE"}]}},"jetpack_sharing_enabled":true,"_links":{"self":[{"href":"https:\/\/www.radonsug.nu\/index.php?rest_route=\/wp\/v2\/pages\/2","targetHints":{"allow":["GET"]}}],"collection":[{"href":"https:\/\/www.radonsug.nu\/index.php?rest_route=\/wp\/v2\/pages"}],"about":[{"href":"https:\/\/www.radonsug.nu\/index.php?rest_route=\/wp\/v2\/types\/page"}],"author":[{"embeddable":true,"href":"https:\/\/www.radonsug.nu\/index.php?rest_route=\/wp\/v2\/users\/1"}],"replies":[{"embeddable":true,"href":"https:\/\/www.radonsug.nu\/index.php?rest_route=%2Fwp%2Fv2%2Fcomments&post=2"}],"version-history":[{"count":17,"href":"https:\/\/www.radonsug.nu\/index.php?rest_route=\/wp\/v2\/pages\/2\/revisions"}],"predecessor-version":[{"id":83,"href":"https:\/\/www.radonsug.nu\/index.php?rest_route=\/wp\/v2\/pages\/2\/revisions\/83"}],"wp:attachment":[{"href":"https:\/\/www.radonsug.nu\/index.php?rest_route=%2Fwp%2Fv2%2Fmedia&parent=2"}],"curies":[{"name":"wp","href":"https:\/\/api.w.org\/{rel}","templated":true}]}}